{"id":5922,"date":"2026-03-24T14:33:53","date_gmt":"2026-03-24T14:33:53","guid":{"rendered":"https:\/\/saydamoebel.regru-soft.de\/?page_id=5922"},"modified":"2026-04-14T10:33:37","modified_gmt":"2026-04-14T10:33:37","slug":"impressum","status":"publish","type":"page","link":"https:\/\/saydamoebel.regru-soft.de\/index.php\/impressum\/","title":{"rendered":"Impressum"},"content":{"rendered":"\t\t<div data-elementor-type=\"wp-page\" data-elementor-id=\"5922\" class=\"elementor elementor-5922\" data-elementor-post-type=\"page\">\n\t\t\t\t<div class=\"elementor-element elementor-element-e6ececd e-flex e-con-boxed e-con e-parent\" data-id=\"e6ececd\" data-element_type=\"container\" data-e-type=\"container\">\n\t\t\t\t\t<div class=\"e-con-inner\">\n\t\t\t\t<div class=\"elementor-element elementor-element-ce7b44c elementor-widget elementor-widget-spacer\" data-id=\"ce7b44c\" data-element_type=\"widget\" data-e-type=\"widget\" data-widget_type=\"spacer.default\">\n\t\t\t\t\t\t\t<div class=\"elementor-spacer\">\n\t\t\t<div class=\"elementor-spacer-inner\"><\/div>\n\t\t<\/div>\n\t\t\t\t\t\t<\/div>\n\t\t\t\t<div class=\"elementor-element elementor-element-e9bd923 elementor-widget elementor-widget-text-editor\" data-id=\"e9bd923\" data-element_type=\"widget\" data-e-type=\"widget\" data-widget_type=\"text-editor.default\">\n\t\t\t\t\t\t\t\t\t<div id=\"element1\" class=\"inhalt-baustein\">\n<div class=\"inhalt-beitrag inhalt-beitrag-5499\">\n<div class=\"inhalt-baustein-inhalt\">\n<h4>Anbieterkennzeichnung gem\u00e4\u00df \u00a7 5 DDG<\/h4>\n<div class=\"inhalt-beitrag-kurztext\">\n<h5>Anschrift und Rechtsform<\/h5>\n<address>M\u00f6belbau Sayda&nbsp;<acronym title=\"Gesellschaft mit beschr\u00e4nkter Haftung\">GmbH<\/acronym><br>Schlo\u00dfweg 3<br>09619 Sayda<\/address>\n<p>Rechtsform: Gesellschaft mit beschr\u00e4nkter Haftung<br>Vertreten durch: Peter Gottwald<br>Inhaltlich Verantwortlich: Peter Gottwald<\/p>\n<h5>Kontakt<\/h5>\n<p>Telefon: +49 37365 9990-0<br>Telefax: +49 37365 9990-13<br>E-Mail:&nbsp;<a href=\"mailto:info@saydamoebel.de\">info@saydamoebel.de<\/a><\/p>\n<h5>Registereintrag<\/h5>\n<p>Eintragung im Handelsregister<br>Registergericht: Amtsgericht Chemnitz<br>Registernummer: HRB 9028<\/p>\n<h5>Umsatzsteueridentifikationsnummer<\/h5>\n<p>DE 167639461<\/p>\n<h5>Verantwortlich f\u00fcr den Inhalt nach \u00a7 55 Abs. 2 RStV:<\/h5>\n<address>Peter Gottwald<br>Schlo\u00dfweg 3<br>09619 Sayda<\/address>\n<\/div>\n<div class=\"clear\">&nbsp;<\/div>\n<\/div>\n<\/div>\n<\/div>\n<div id=\"element2\" class=\"inhalt-baustein inhalt-baustein-1spalte\">\n<div class=\"inhalt-skript inhalt-skript-link\">\n<div class=\"inhalt-baustein-inhalt\">\n<h5>Konzept und Realisierung<\/h5>\n<div class=\"inhalt-beitrag-kurztext\">\n<p><b>IT-Service Fischer<\/b><br>Gro\u00dfr\u00fcckerwalder Str. 3<br><span style=\"background-color: rgba(255, 255, 255, 0); word-spacing: normal;\">09429 Wolkenstein<br><br><\/span><\/p><\/div>\n<\/div>\n<\/div>\n<\/div>\n<div id=\"element3\" class=\"inhalt-baustein\">\n<div class=\"inhalt-beitrag inhalt-beitrag-5500\">\n<div class=\"inhalt-baustein-inhalt\">\n<h5>Urheberrecht und Markenhinweis<\/h5>\n<div class=\"inhalt-beitrag-kurztext\">\n<p>S\u00e4mtliche Inhalte (Bilder, Texte, Videos,&nbsp;<abbr title=\"und so weiter\">usw.<\/abbr>), die auf dieser Website ver\u00f6ffentlicht sind, unterliegen dem deutschen Urheberrecht. Ohne das schriftliche Einverst\u00e4ndnis der Urheber ist das Wiedergeben, Reproduzieren und jede sonstige Verwertung au\u00dferhalb der Schranken des Urheberrechts unzul\u00e4ssig.<\/p>\n<p>Alle auf dieser Website genannten Marken-, Produktnamen&nbsp;<abbr title=\"beziehungsweise\">bzw.<\/abbr>&nbsp;Logos sind Marken oder eingetragene Marken ihrer jeweiligen Inhaber.<\/p>\n<\/div>\n<\/div>\n<\/div>\n<\/div>\t\t\t\t\t\t\t\t<\/div>\n\t\t\t\t\t<\/div>\n\t\t\t\t<\/div>\n\t\t\t\t<\/div>\n\t\t","protected":false},"excerpt":{"rendered":"<p>Anbieterkennzeichnung gem\u00e4\u00df \u00a7 5 DDG Anschrift und Rechtsform M\u00f6belbau Sayda&nbsp;GmbHSchlo\u00dfweg 309619 Sayda Rechtsform: Gesellschaft mit beschr\u00e4nkter HaftungVertreten durch: Peter GottwaldInhaltlich Verantwortlich: Peter Gottwald Kontakt Telefon: +49 37365 9990-0Telefax: +49 37365 9990-13E-Mail:&nbsp;info@saydamoebel.de Registereintrag Eintragung im HandelsregisterRegistergericht: Amtsgericht ChemnitzRegisternummer: HRB 9028 Umsatzsteueridentifikationsnummer DE 167639461 Verantwortlich f\u00fcr den Inhalt nach \u00a7 55 Abs. 2 RStV: Peter GottwaldSchlo\u00dfweg 309619&hellip;<\/p>\n","protected":false},"author":1,"featured_media":0,"parent":0,"menu_order":0,"comment_status":"closed","ping_status":"closed","template":"","meta":{"footnotes":""},"class_list":["post-5922","page","type-page","status-publish","hentry"],"_links":{"self":[{"href":"https:\/\/saydamoebel.regru-soft.de\/index.php\/wp-json\/wp\/v2\/pages\/5922","targetHints":{"allow":["GET"]}}],"collection":[{"href":"https:\/\/saydamoebel.regru-soft.de\/index.php\/wp-json\/wp\/v2\/pages"}],"about":[{"href":"https:\/\/saydamoebel.regru-soft.de\/index.php\/wp-json\/wp\/v2\/types\/page"}],"author":[{"embeddable":true,"href":"https:\/\/saydamoebel.regru-soft.de\/index.php\/wp-json\/wp\/v2\/users\/1"}],"replies":[{"embeddable":true,"href":"https:\/\/saydamoebel.regru-soft.de\/index.php\/wp-json\/wp\/v2\/comments?post=5922"}],"version-history":[{"count":7,"href":"https:\/\/saydamoebel.regru-soft.de\/index.php\/wp-json\/wp\/v2\/pages\/5922\/revisions"}],"predecessor-version":[{"id":6260,"href":"https:\/\/saydamoebel.regru-soft.de\/index.php\/wp-json\/wp\/v2\/pages\/5922\/revisions\/6260"}],"wp:attachment":[{"href":"https:\/\/saydamoebel.regru-soft.de\/index.php\/wp-json\/wp\/v2\/media?parent=5922"}],"curies":[{"name":"wp","href":"https:\/\/api.w.org\/{rel}","templated":true}]}}